{"id":5267,"date":"2024-11-07T09:19:05","date_gmt":"2024-11-07T09:19:05","guid":{"rendered":"https:\/\/myblog-6yd180wpx0.live-website.com\/?page_id=5267"},"modified":"2025-05-24T11:22:14","modified_gmt":"2025-05-24T11:22:14","slug":"colexiacion","status":"publish","type":"page","link":"https:\/\/forestaisgalicia.es\/es\/colexiacion\/","title":{"rendered":"Colegiaci\u00f3n"},"content":{"rendered":"<div class=\"fusion-fullwidth fullwidth-box fusion-builder-row-1 fusion-flex-container has-pattern-background has-mask-background nonhundred-percent-fullwidth non-hundred-percent-height-scrolling\" style=\"--awb-border-radius-top-left:0px;--awb-border-radius-top-right:0px;--awb-border-radius-bottom-right:0px;--awb-border-radius-bottom-left:0px;--awb-flex-wrap:wrap;\" ><div class=\"fusion-builder-row fusion-row fusion-flex-align-items-flex-start fusion-flex-content-wrap\" style=\"max-width:1144px;margin-left: calc(-4% \/ 2 );margin-right: calc(-4% \/ 2 );\"><div class=\"fusion-layout-column fusion_builder_column fusion-builder-column-0 fusion_builder_column_1_1 1_1 fusion-flex-column\" style=\"--awb-bg-size:cover;--awb-width-large:100%;--awb-margin-top-large:0px;--awb-spacing-right-large:1.92%;--awb-margin-bottom-large:0px;--awb-spacing-left-large:1.92%;--awb-width-medium:100%;--awb-order-medium:0;--awb-spacing-right-medium:1.92%;--awb-spacing-left-medium:1.92%;--awb-width-small:100%;--awb-order-small:0;--awb-spacing-right-small:1.92%;--awb-spacing-left-small:1.92%;\"><div class=\"fusion-column-wrapper fusion-column-has-shadow fusion-flex-justify-content-flex-start fusion-content-layout-column\"><div class=\"fusion-text fusion-text-1\"><p><b>La colegiaci\u00f3n, conforme a la normativa legal vigente, es un requisito indispensable para el ejercicio de la profesi\u00f3n de la Ingenier\u00eda T\u00e9cnica Forestal en cualquiera de sus especialidades en el \u00e1mbito territorial de la Comunidad Aut\u00f3noma de Galicia.<\/b><\/p>\n<p>Normas de referencia:<\/p>\n<ul>\n<li><a href=\"https:\/\/www.boe.es\/buscar\/act.php?id=BOE-A-1974-289\" target=\"_blank\" rel=\"noopener noreferrer\">Ley 2\/1974, de 13 de febrero, sobre Colegios Profesionales<\/a>, (BOE n\u00ba 40 \u2013 07\/03\/1974 y modificaciones posteriores)<\/li>\n<li><a href=\"https:\/\/www.boe.es\/buscar\/act.php?lang=gl&amp;id=BOE-A-2001-19609&amp;tn=1&amp;p=\" target=\"_blank\" rel=\"noopener noreferrer\">Ley 11\/2001, de 18 de septiembre, de colegios profesionales de la Comunidad Aut\u00f3noma de Galicia<\/a> (BOE n\u00ba 189, 28\/09\/2001 e modificaci\u00f3ns posteriores)<\/li>\n<li><a href=\"https:\/\/www.boe.es\/buscar\/act.php?id=BOE-A-2009-18731\" target=\"_blank\" rel=\"noopener noreferrer\">Ley 17\/2009, de 23 de noviembre, sobre el libre acceso a las actividades de servicios y su ejercicio<\/a> (BOE n\u00ba 283, 24\/11\/2009 e modificaci\u00f3ns posteriores)<\/li>\n<li><a href=\"https:\/\/www.boe.es\/buscar\/doc.php?id=BOE-A-2009-20725\" target=\"_blank\" rel=\"noopener noreferrer\">Lei 25\/2009, do 22 de decembro, de modificaci\u00f3n de diversas leis para a s\u00faa adaptaci\u00f3n \u00e1 Lei sobre o libre acceso \u00e1s actividades de servicios e o seu exercicio<\/a> (BOE n\u00ba 308, 23\/12\/2009 e modificaci\u00f3ns posteriores)<\/li>\n<li><a href=\"https:\/\/www.boe.es\/buscar\/doc.php?id=BOE-A-2010-5665\" target=\"_blank\" rel=\"noopener noreferrer\">Ley 1\/2010, do 11 de febrero, de modificaci\u00f3n de diversas leyes de Galicia para  su adaptaci\u00f3n a la Directiva 2006\/123\/CE, del Parlamento Europeo y del Consejo, de 12 de diciembre de 2006, relativa a los servicios en el mercado interior <\/a>(BOE n\u00ba 86, 09\/04\/2010 y modificaciones posteriores)<\/li>\n<li><a href=\"http:\/\/forestaisgalicia.es\/wp-content\/uploads\/2025\/02\/ESTATUTOS.pdf\" target=\"_blank\" rel=\"noopener noreferrer\">Estatutos del Colegio Oficial de la Ingenier\u00eda T\u00e9cnica Forestal de Galicia<\/a>.<\/li>\n<\/ul>\n<p>Para ser colegiada o colegiado del COETFG ser\u00e1 necesario estar en posesi\u00f3n del t\u00edtulo oficial de Ingeniera o Ingeniero T\u00e9cnico Forestal en cualquiera de las especialidades forestales, de Grado en ingenier\u00eda forestal o cualquier otra titulaci\u00f3n que la sustituya en un futuro, ya sean t\u00edtulos p\u00fablicos o privados, as\u00ed como los t\u00edtulos extranjeros homologados o reconocidos oficialmente por el Estado espa\u00f1ol, para efectos profesionales con el de ingenier\u00eda t\u00e9cnica forestal. <\/p>\n<p>La colegiaci\u00f3n, adem\u00e1s de ser un requisito legal para el desarrollo de la actividad profesional, ofrece una serie de prestaciones o servicios, entre las que destacan:<\/p>\n<ul>\n<li><span style=\"color: var(--awb-text-color); font-family: var(--awb-text-font-family); font-size: var(--awb-font-size); font-style: var(--awb-text-font-style); font-weight: var(--awb-text-font-weight); letter-spacing: var(--awb-letter-spacing); text-align: var(--awb-content-alignment); text-transform: var(--awb-text-transform); background-color: var(--awb-bg-color-hover);\">Representaci\u00f3n de la profesi\u00f3n y de los intereses colectivos ante distintos estamentos sociales.<\/span><\/li>\n<li>Defensa de las atribuciones profesionales de la ingenier\u00eda forestal.<\/li>\n<li>Visado y Registro Documental de trabajos profesionales.<\/li>\n<li>Seguro de responsabilidad civil profesional.<\/li>\n<li>Asesor\u00eda jur\u00eddica, en cuestiones relacionadas con los derechos e intereses leg\u00edtimos de car\u00e1cter profesional.<\/li>\n<li>Bolsa de trabajo con informaci\u00f3n sobre ofertas de empleo, p\u00fablico y privadas, a todas las personas interesadas dadas de alta en el servicio.<\/li>\n<li>Formaci\u00f3n y divulgaci\u00f3n, mediante cursos, seminarios, jornadas, webinars,\u2026, relacionadas con la profesi\u00f3n y con el ejercicio profesional, organizadas por el colegio o por entidades colaboradoras.<\/li>\n<li>Informaci\u00f3n peri\u00f3dica de todas aquellas cuestiones de inter\u00e9s profesional.<\/li>\n<li>Beneficios sociales a trav\u00e9s de convenios de colaboraci\u00f3n con entidades p\u00fablicas y privadas.<\/li>\n<li>Otras ....<\/li>\n<\/ul>\n<p>Para tramitar la colegiaci\u00f3n o la reincorporaci\u00f3n en el COETFG ser\u00e1 necesario presentar la siguiente documentaci\u00f3n: <b>documentaci\u00f3n<\/b>:<\/p>\n<ol>\n<li>Solicitud de <a href=\"http:\/\/forestaisgalicia.es\/wp-content\/uploads\/2025\/02\/2025_Colexiacion_Alta_Solicitude_dix.pdf\" target=\"_blank\" rel=\"noopener noreferrer\">Colegiaci\u00f3n<\/a> \/ <a href=\"http:\/\/forestaisgalicia.es\/wp-content\/uploads\/2025\/02\/2025_Colexiacion_Reincorporacion_Solic_dix.pdf\" target=\"_blank\" rel=\"noopener noreferrer\">Reincorporaci\u00f3n<\/a><\/li>\n<li><a href=\"http:\/\/forestaisgalicia.es\/wp-content\/uploads\/2025\/02\/2025_Colexiacion_FichaDatos_dix.pdf\" target=\"_blank\" rel=\"noopener noreferrer\">Ficha de Datos<\/a><\/li>\n<li>T\u00edtulo Universitario habilitante para el ejercicio de la profesi\u00f3n (Ingenier\u00eda T\u00e9cnica Forestal o Grado Forestal)<\/li>\n<li>Fotograf\u00eda tama\u00f1o carn\u00e9<\/li>\n<li>Fotocopia DNI<\/li>\n<li><a href=\"http:\/\/forestaisgalicia.es\/wp-content\/uploads\/2025\/02\/2025_Colexiacion_SEPA_PerFis_dix.pdf\">Mandato SEPA<\/a> para autorizaci\u00f3n del cobro de la cuota colegial a trav\u00e9s del banco<\/li>\n<li>Expediente Acad\u00e9mico, con validez legal, en el que figuren las materias cursadas durante toda la carrera<\/li>\n<li><a href=\"http:\/\/forestaisgalicia.es\/wp-content\/uploads\/2025\/02\/2025_Colexiacion_DeclarXurada_dix.pdf\" target=\"_blank\" rel=\"noopener noreferrer\">Declaraci\u00f3n Jurada<\/a> de no contar con inhabilitaci\u00f3n profesional o colegial<\/li>\n<li>Justificante bancario del ingreso de la Tasa de Alta o de Reincorporaci\u00f3n Colegial<\/li>\n<li>En el caso de proceder de otro Colegio Profesional, deber\u00e1 presentar un Certificado de Colegiaci\u00f3n emitido por el Colegio del que se trate.<\/li>\n<\/ol>\n<p><b><br \/><\/b><\/p>\n<p><b>Tasa de alta colegial<\/b><\/p>\n<p>El importe de alta\/reincorporaci\u00f3n se har\u00e1 efectivo en el momento en que se solicite la colegiaci\u00f3n, en la siguiente cuenta bancaria:<\/p>\n<p>BANCO SABADELL: ES05-0081-5363-28-00.0115.6719<\/p>\n<p>Esta tasa ser\u00e1 de:<\/p>\n<ul>\n<li>Nuevas incorporaciones: 50,00 euros.<\/li>\n<li>Reincorporaciones: 100,00 euros.<\/li>\n<li>Jubilados: Exentos de pago.<\/li>\n<li>Procedentes de otro Colegio Profesional: Exentos de pago.<\/li>\n<\/ul>\n<p><b><br \/><\/b><\/p>\n<p><b>Cuota colegial anual<\/b><\/p>\n<p>La cuota colegial es de 195,00 euros\/a\u00f1o. Esta cuota se cobrar\u00e1 por domiciliaci\u00f3n bancaria en cuotas cuatrimestrales de 65,00 euros cada una, estructur\u00e1ndose del siguiente modo:<\/p>\n<ul>\n<li>1\u00aa Cuota_ Abono en Enero: Corresponden al 1\u00ba cuatrimestre del a\u00f1o  (65,00 \u20ac).<\/li>\n<li>2\u00aa Cuota_ Abono en Mayo: Corresponden al 2\u00ba cuatrimestre del a\u00f1o  (65,00 \u20ac).<\/li>\n<li>3\u00aa Cuota_ Abono en Septiembre: Corresponden al 3\u00ba cuatrimestre del a\u00f1o  (65,00 \u20ac).<\/li>\n<\/ul>\n<p>Podr\u00e1 solicitarse la aplicaci\u00f3n de las siguientes bonificaciones:<\/p>\n<ul>\n<li>Personas Jubiladas: exenci\u00f3n de pago.<\/li>\n<li>C\u00f3nyuges: 53,00 \u20ac\/cota, aplicable a cada miembro de la pareja.<\/li>\n<li>Personas en paro: 26,00 \u20ac\/cuota (la solicitud se realizar\u00e1 para cada cuatrimestre).<\/li>\n<\/ul>\n<p>AVISO FISCAL PAGO COTAS: O importe abonado ao COETFG en concepto de cotas colexiais <u>ES deducible \u00edntegramente<\/u> A la hora de presentar la Declaraci\u00f3n Anual de la Renta de Personas F\u00edsicas.<\/p>\n<\/p>\n<p><b><br \/><\/b><\/p>\n<p><b>SOLICITUD DE ALTA<\/b><\/p>\n<p>La solicitud de alta o reincorporaci\u00f3n colegial requiere la presentaci\u00f3n de la documentaci\u00f3n indicada a trav\u00e9s de alguna de las siguientes v\u00edas:<\/p>\n<ul>\n<li>En formato papel: presentando la documentaci\u00f3n original en las oficinas del COETFG<\/li>\n<li>En formato digital: presentando la documentaci\u00f3n firmada digitalmente a trav\u00e9s de la <u><a href=\"https:\/\/forestaisgalicia.e-gestion.es\/Ventanilla\/SolicitudAlta\/SolicitudAltaInicio.aspx\" target=\"_blank\" rel=\"noopener noreferrer\">sede electr\u00f3nica del COETFG<\/a><\/u><\/li>\n<li>En formato digital: enviando la documentaci\u00f3n firmada digitalmente al correo electr\u00f3nico coetfoga@forestaisgalicia.es<\/li>\n<\/ul>\n<\/div><\/div><\/div><\/div><\/div>","protected":false},"excerpt":{"rendered":"","protected":false},"author":1,"featured_media":0,"parent":0,"menu_order":0,"comment_status":"closed","ping_status":"closed","template":"100-width.php","meta":{"footnotes":""},"class_list":["post-5267","page","type-page","status-publish","hentry"],"_links":{"self":[{"href":"https:\/\/forestaisgalicia.es\/es\/wp-json\/wp\/v2\/pages\/5267","targetHints":{"allow":["GET"]}}],"collection":[{"href":"https:\/\/forestaisgalicia.es\/es\/wp-json\/wp\/v2\/pages"}],"about":[{"href":"https:\/\/forestaisgalicia.es\/es\/wp-json\/wp\/v2\/types\/page"}],"author":[{"embeddable":true,"href":"https:\/\/forestaisgalicia.es\/es\/wp-json\/wp\/v2\/users\/1"}],"replies":[{"embeddable":true,"href":"https:\/\/forestaisgalicia.es\/es\/wp-json\/wp\/v2\/comments?post=5267"}],"version-history":[{"count":33,"href":"https:\/\/forestaisgalicia.es\/es\/wp-json\/wp\/v2\/pages\/5267\/revisions"}],"predecessor-version":[{"id":6534,"href":"https:\/\/forestaisgalicia.es\/es\/wp-json\/wp\/v2\/pages\/5267\/revisions\/6534"}],"wp:attachment":[{"href":"https:\/\/forestaisgalicia.es\/es\/wp-json\/wp\/v2\/media?parent=5267"}],"curies":[{"name":"wp","href":"https:\/\/api.w.org\/{rel}","templated":true}]}}