{"id":5269,"date":"2024-11-07T09:19:39","date_gmt":"2024-11-07T09:19:39","guid":{"rendered":"https:\/\/myblog-6yd180wpx0.live-website.com\/?page_id=5269"},"modified":"2025-02-18T17:27:35","modified_gmt":"2025-02-18T17:27:35","slug":"sociedades-profesionais","status":"publish","type":"page","link":"https:\/\/forestaisgalicia.es\/es\/sociedades-profesionais\/","title":{"rendered":"Sociedades Profesionales"},"content":{"rendered":"<div class=\"fusion-fullwidth fullwidth-box fusion-builder-row-1 fusion-flex-container has-pattern-background has-mask-background nonhundred-percent-fullwidth non-hundred-percent-height-scrolling\" style=\"--awb-border-radius-top-left:0px;--awb-border-radius-top-right:0px;--awb-border-radius-bottom-right:0px;--awb-border-radius-bottom-left:0px;--awb-flex-wrap:wrap;\" ><div class=\"fusion-builder-row fusion-row fusion-flex-align-items-flex-start fusion-flex-content-wrap\" style=\"max-width:1144px;margin-left: calc(-4% \/ 2 );margin-right: calc(-4% \/ 2 );\"><div class=\"fusion-layout-column fusion_builder_column fusion-builder-column-0 fusion_builder_column_1_1 1_1 fusion-flex-column\" style=\"--awb-bg-size:cover;--awb-width-large:100%;--awb-margin-top-large:0px;--awb-spacing-right-large:1.92%;--awb-margin-bottom-large:0px;--awb-spacing-left-large:1.92%;--awb-width-medium:100%;--awb-order-medium:0;--awb-spacing-right-medium:1.92%;--awb-spacing-left-medium:1.92%;--awb-width-small:100%;--awb-order-small:0;--awb-spacing-right-small:1.92%;--awb-spacing-left-small:1.92%;\"><div class=\"fusion-column-wrapper fusion-column-has-shadow fusion-flex-justify-content-flex-start fusion-content-layout-column\"><div class=\"fusion-text fusion-text-1\"><p>La Sociedad Profesional se regula por la \u201c<a href=\"https:\/\/www.boe.es\/buscar\/act.php?lang=gl&amp;id=BOE-A-2007-5584&amp;tn=1&amp;p=\" target=\"_blank\" rel=\"noopener noreferrer\">Lei 2\/2007, do 15 de marzo, de sociedades profesionais<\/a>\u201d e a \u201c<a href=\"https:\/\/www.boe.es\/buscar\/act.php?id=BOE-A-2009-18731\" target=\"_blank\" rel=\"noopener noreferrer\">Ley 17\/2009, de 23 de noviembre, sobre el libre acceso a las actividades de servicios y su ejercicio<\/a>\u201d, as\u00ed como no establecido na \u201c<a href=\"https:\/\/www.boe.es\/buscar\/act.php?id=BOE-A-2007-5584&amp;p=20250103&amp;tn=6\" target=\"_blank\" rel=\"noopener noreferrer\">Lei 1\/2010, do 11 de febreiro, de modificaci\u00f3n de diversas leis de Galicia para a s\u00faa adaptaci\u00f3n \u00e1 Directiva 2006\/123\/CE<\/a>\u201d.<\/p>\n<p>Aos efectos da lei de sociedades profesionais, \u00e9 actividade profesional, aquela que requira titulaci\u00f3n universitaria oficial para o seu desenrolo e inscrici\u00f3n no correspondente Colexio Profesional. <\/p>\n<p>As\u00ed mesmo dito texto entende que existe exercicio en com\u00fan dunha actividade profesional cando os actos propios da mesma sexan executados directamente baixo a raz\u00f3n ou denominaci\u00f3n social e lle sexan atribu\u00eddos \u00e1 sociedade os dereitos e obrigas inherentes ao exercicio da actividade profesional como titular da relaci\u00f3n xur\u00eddica establecida co cliente.<\/p>\n<p>As Sociedades Profesionais poder\u00e1n constitu\u00edrse con arranxo a calquera das formas societarias previstas nas leis, cumprimentando os requisitos establecidos na \u201c<a href=\"https:\/\/www.boe.es\/buscar\/act.php?lang=gl&amp;id=BOE-A-2007-5584&amp;tn=1&amp;p=\" target=\"_blank\" rel=\"noopener noreferrer\">Lei 2\/2007, do 15 de marzo, de sociedades profesionais<\/a>&#8220;.<\/p>\n<p>A Sociedade Profesional a pesar de ter a condici\u00f3n de colexiado, non poder\u00e1 acceder a cargos de Xunta de Goberno do Colexio nin ter\u00e1 voz nin voto nas Asembleas.<\/p>\n<p>Para tramitar a alta dunha Sociedade Profesional \u00e9 preciso remitir \u00f3 Colexio a seguinte documentaci\u00f3n:<\/p>\n<ul>\n<li><a href=\"http:\/\/forestaisgalicia.es\/wp-content\/uploads\/2024\/11\/2023_COETFG_SocProf_Solicitude_Alta_dixital.pdf\" target=\"_blank\" rel=\"noopener noreferrer\">Impreso de solicitude de alta no rexistro de Sociedades Profesionais.<\/a><\/li>\n<li>Data e identificaci\u00f3n da escritura p\u00fablica de constituci\u00f3n e Notario que autoriza, as\u00ed como a duraci\u00f3n, no caso de terse constitu\u00eddo por tempo determinado.<\/li>\n<li>A actividade ou actividades que constit\u00faen o obxecto social.<\/li>\n<li>Identificaci\u00f3n das persoas socias profesionais e non profesionais facendo constar no caso das primeiros o n\u00famero de colexiada ou colexiado.<\/li>\n<li>Identificaci\u00f3n das persoas que se encarguen da administraci\u00f3n e representaci\u00f3n expresando en cada caso a condici\u00f3n de socia profesional de cada unha delas.<\/li>\n<li>As\u00ed mesmo poder\u00e1 inscribirse calquera cambio de persoas socias e\/ou administradoras, as\u00ed como calquera modificaci\u00f3n do contrato social.<\/li>\n<li>Copia do CIF.<\/li>\n<li>Xustificante bancario do ingreso da cota de inscrici\u00f3n (60,00 \u20ac + 21 % IVE ) na seguinte conta bancaria do Colexio:<br \/>BANCO SABADELL: ES05-0081-5363-28-00.0115.6719<\/li>\n<\/ul>\n<p><b><u><br \/><\/u><\/b><\/p>\n<p><b><u>SOLICITUD DE ALTA<\/u><\/b><\/p>\n<p><span style=\"color: var(--awb-text-color); font-family: var(--awb-text-font-family); font-size: var(--awb-font-size); font-style: var(--awb-text-font-style); font-weight: var(--awb-text-font-weight); letter-spacing: var(--awb-letter-spacing); text-align: var(--awb-content-alignment); text-transform: var(--awb-text-transform); background-color: var(--awb-bg-color-hover);\">A solicitude de alta dunha Sociedade Profesional require a presentaci\u00f3n da documentaci\u00f3n indicada a trav\u00e9s de algunha das seguintes v\u00edas:<\/span><\/p>\n<ul>\n<li>En formato papel: presentando la documentaci\u00f3n original en las oficinas del COETFG<\/li>\n<li>En formato digital: presentando la documentaci\u00f3n firmada digitalmente a trav\u00e9s de la <a href=\"https:\/\/forestaisgalicia.e-gestion.es\/Formulario\/F00001\" target=\"_blank\" rel=\"noopener noreferrer\" style=\"background-color: var(--awb-bg-color-hover); font-family: var(--awb-text-font-family); font-size: var(--awb-font-size); font-style: var(--awb-text-font-style); font-weight: var(--awb-text-font-weight); letter-spacing: var(--awb-letter-spacing); text-align: var(--awb-content-alignment); text-transform: var(--awb-text-transform);\">sede electr\u00f3nica del COETFG<\/a><\/li>\n<li>En formato digital: enviando la documentaci\u00f3n firmada digitalmente al correo electr\u00f3nico coetfoga@forestaisgalicia.es<\/li>\n<\/ul>\n<p><b><u>SOLICITUD DE BAJA<\/u><\/b><\/p>\n<p>Para tramitar la Baja de una Sociedad Profesional es necesario presentar, por alguna de las v\u00edas habilitadas y descritas en el apartado anterior, el siguiente impreso debidamente cubierto y firmado:<\/p>\n<\/p>\n<ul>\n<li>Impreso de solicitude de <a href=\"http:\/\/forestaisgalicia.es\/wp-content\/uploads\/2025\/02\/2023_Soc_Prof_Solicitude_Baixa_dix.pdf\" target=\"_blank\" rel=\"noopener noreferrer\">Baixa no Rexistro de Sociedades Profesionais<\/a><\/li>\n<\/ul>\n<\/div><\/div><\/div><\/div><\/div>","protected":false},"excerpt":{"rendered":"","protected":false},"author":1,"featured_media":0,"parent":0,"menu_order":0,"comment_status":"closed","ping_status":"closed","template":"100-width.php","meta":{"footnotes":""},"class_list":["post-5269","page","type-page","status-publish","hentry"],"_links":{"self":[{"href":"https:\/\/forestaisgalicia.es\/es\/wp-json\/wp\/v2\/pages\/5269","targetHints":{"allow":["GET"]}}],"collection":[{"href":"https:\/\/forestaisgalicia.es\/es\/wp-json\/wp\/v2\/pages"}],"about":[{"href":"https:\/\/forestaisgalicia.es\/es\/wp-json\/wp\/v2\/types\/page"}],"author":[{"embeddable":true,"href":"https:\/\/forestaisgalicia.es\/es\/wp-json\/wp\/v2\/users\/1"}],"replies":[{"embeddable":true,"href":"https:\/\/forestaisgalicia.es\/es\/wp-json\/wp\/v2\/comments?post=5269"}],"version-history":[{"count":19,"href":"https:\/\/forestaisgalicia.es\/es\/wp-json\/wp\/v2\/pages\/5269\/revisions"}],"predecessor-version":[{"id":6271,"href":"https:\/\/forestaisgalicia.es\/es\/wp-json\/wp\/v2\/pages\/5269\/revisions\/6271"}],"wp:attachment":[{"href":"https:\/\/forestaisgalicia.es\/es\/wp-json\/wp\/v2\/media?parent=5269"}],"curies":[{"name":"wp","href":"https:\/\/api.w.org\/{rel}","templated":true}]}}