{"id":5274,"date":"2024-11-07T09:20:24","date_gmt":"2024-11-07T09:20:24","guid":{"rendered":"https:\/\/myblog-6yd180wpx0.live-website.com\/?page_id=5274"},"modified":"2025-02-11T18:58:56","modified_gmt":"2025-02-11T18:58:56","slug":"profesion","status":"publish","type":"page","link":"https:\/\/forestaisgalicia.es\/es\/profesion\/","title":{"rendered":"Profesi\u00f3n"},"content":{"rendered":"<div class=\"fusion-fullwidth fullwidth-box fusion-builder-row-1 fusion-flex-container has-pattern-background has-mask-background nonhundred-percent-fullwidth non-hundred-percent-height-scrolling\" style=\"--awb-border-radius-top-left:0px;--awb-border-radius-top-right:0px;--awb-border-radius-bottom-right:0px;--awb-border-radius-bottom-left:0px;--awb-flex-wrap:wrap;\" ><div class=\"fusion-builder-row fusion-row fusion-flex-align-items-flex-start fusion-flex-content-wrap\" style=\"max-width:1144px;margin-left: calc(-4% \/ 2 );margin-right: calc(-4% \/ 2 );\"><div class=\"fusion-layout-column fusion_builder_column fusion-builder-column-0 fusion_builder_column_1_1 1_1 fusion-flex-column\" style=\"--awb-bg-size:cover;--awb-width-large:100%;--awb-margin-top-large:0px;--awb-spacing-right-large:1.92%;--awb-margin-bottom-large:0px;--awb-spacing-left-large:1.92%;--awb-width-medium:100%;--awb-order-medium:0;--awb-spacing-right-medium:1.92%;--awb-spacing-left-medium:1.92%;--awb-width-small:100%;--awb-order-small:0;--awb-spacing-right-small:1.92%;--awb-spacing-left-small:1.92%;\"><div class=\"fusion-column-wrapper fusion-column-has-shadow fusion-flex-justify-content-flex-start fusion-content-layout-column\"><div class=\"fusion-text fusion-text-1\"><p>La Ingenier\u00eda T\u00e9cnica Forestal es una profesi\u00f3n regulada por ley, y su ejercicio profesional est\u00e1 supeditado a la colegiaci\u00f3n obligatoria, con la \u00fanica excepci\u00f3n de las y los profesionales al servicio directo de las administraciones p\u00fablicas: personal funcionario, laboral y\/o estatutario.<\/p>\n<p>Los t\u00edtulos universitarios que habilitan para el ejercicio de esta profesi\u00f3n son los de \u201cIngenier\u00eda T\u00e9cnica Forestal\u201d (en las especialidades de: Explotaciones Forestales, Industrias Forestales, Industria Papelera) y el t\u00edtulo de \u201cGrado en Ingenier\u00eda Forestal\u201d que d\u00e9 cumplimento a la Orden CIN\/324\/2009 (<a href=\"https:\/\/www.boe.es\/diario_boe\/txt.php?lang=gl&amp;id=BOE-A-2009-2804\" target=\"_blank\" rel=\"noopener noreferrer\">BOE n\u00ba43, do 19\/02\/2009<\/a>).<\/p>\n<p><b>Marco Legal<\/b><\/p>\n<p>Decreto 2095\/1971, de 13 de agosto, por el que se regulan las facultades y competencias profesionales de los Ingenieros T\u00e9cnicos de Especialidades Forestales (<a href=\"https:\/\/www.boe.es\/diario_boe\/txt.php?id=BOE-A-1971-1214\" target=\"_blank\" rel=\"noopener noreferrer\">BOE n\u00ba 225, do 20\/09\/1971<\/a>)<\/p>\n<p>Real Decreto 2220\/1982, de 9 de julio, por el que se modifica el Decreto 2095\/1971, de 13 de agosto, por el que se regulan las facultades y competencias profesionales de los Ingenieros T\u00e9cnicos de Especialidades Forestales (<a href=\"https:\/\/www.boe.es\/diario_boe\/txt.php?id=BOE-A-1982-22865\" target=\"_blank\" rel=\"noopener noreferrer\">BOE n\u00ba 217, do 10\/09\/1982<\/a>)<\/p>\n<p>Real Decreto 1609\/1978, de 12 de mayo, por el que se aprueba el Reglamento del Cuerpo de Ingenieros T\u00e9cnicos Forestales de la Hacienda P\u00fablica (<a href=\"https:\/\/www.boe.es\/diario_boe\/txt.php?id=BOE-A-1978-17320\" target=\"_blank\" rel=\"noopener noreferrer\">BOE n\u00ba 160, do 06\/07\/1978<\/a>)<\/p>\n<p>Ley 12\/1986, de 1 de abril, sobre regulaci\u00f3n de las atribuciones profesionales de los Arquitectos e Ingenieros T\u00e9cnicos. (<a href=\"https:\/\/www.boe.es\/diario_boe\/txt.php?id=BOE-A-1986-8176\" target=\"_blank\" rel=\"noopener noreferrer\">BOE n\u00ba 79, do 02\/04\/1986<\/a>)<\/p>\n<p>Ley 33\/1992, de 9 de diciembre, de modificaci\u00f3n de la Ley 12\/1986, sobre regulaci\u00f3n de las atribuciones profesionales de los Arquitectos e Ingenieros T\u00e9cnicos. (<a href=\"https:\/\/www.boe.es\/diario_boe\/txt.php?id=BOE-A-1992-27346\" target=\"_blank\" rel=\"noopener noreferrer\">BOE n\u00ba 296, do 10\/12\/1992<\/a>)<\/p>\n<p>Ley 38\/1999, de 5 de noviembre, de ordenaci\u00f3n de la edificaci\u00f3n. (<a href=\"https:\/\/www.boe.es\/diario_boe\/txt.php?id=BOE-A-1999-21567\" target=\"_blank\" rel=\"noopener noreferrer\">BOE n\u00ba 226, do 06\/11\/1999<\/a>)<\/p>\n<p>Orden CIN\/324\/2009, de 9 de febrero, por la que se establecen los requisitos para la verificaci\u00f3n de los t\u00edtulos universitarios oficiales que habiliten para el ejercicio de la profesi\u00f3n de Ingeniero T\u00e9cnico Forestal. (<a href=\"https:\/\/www.boe.es\/diario_boe\/txt.php?id=BOE-A-2009-2804\" target=\"_blank\" rel=\"noopener noreferrer\">BOE n\u00ba 43, do 19\/02\/2009<\/a>) <\/p>\n<p><b>Tipos y \u00c1mbitos de Trabajo<\/b><\/p>\n<p>Las Ingenieras e Ingenieros T\u00e9cnicos Forestales pueden desarrollar la actividad profesional por cuenta propia, como profesionales aut\u00f3nomos, o por cuenta ajena, bien sea en el sector p\u00fablico de la Administraci\u00f3n o bien en el sector privado.<\/p>\n<p>Destacan entre otros los siguientes \u00e1mbitos:<\/p>\n<ol>\n<li>Realizaci\u00f3n de:<\/li>\n<ul>\n<li>Reconocimientos<\/li>\n<li>Inspecciones<\/li>\n<li>Consultas<\/li>\n<li>Mediciones<\/li>\n<li>Inventarios<\/li>\n<li>Cubicaciones<\/li>\n<li>Valoraciones<\/li>\n<li>Tasaciones<\/li>\n<li>Otros<\/li>\n<\/ul>\n<li>Redacci\u00f3n de:<\/li>\n<ul>\n<li>Proyectos<\/li>\n<li>Anteproyectos<\/li>\n<li>Estudios b\u00e1sicos<\/li>\n<li>Memorias<\/li>\n<li>Informes<\/li>\n<li>Dict\u00e1menes<\/li>\n<li>o\tCertificaciones<\/li>\n<li>Otros<\/li>\n<\/ul>\n<li>Trabajos de:<\/li>\n<ul>\n<li>Direcci\u00f3n de obra<\/li>\n<li>Ejecuci\u00f3n de obra<\/li>\n<li>Gesti\u00f3n de explotaciones<\/li>\n<li>Direcci\u00f3n de empresas<\/li>\n<li>Otros<\/li>\n<\/ul>\n<\/ol>\n<p>En cualquier caso, el trabajo de la Ingenier\u00eda T\u00e9cnica Forestal, dentro de su respectiva especialidad t\u00e9cnica, se desarrolla en los siguientes \u00e1mbitos:<\/p>\n<p><b>1. Aprovechamientos del Medio Ambiente<\/b><\/p>\n<ul>\n<li>Repoblaciones forestales<\/li>\n<li>Creaci\u00f3n y mejora de pastos<\/li>\n<li>Planes de aprovechamiento de: le\u00f1as, madera, corteza, resina, setas, frutos, plantas medicinales, arom\u00e1ticas o industriales\u2026<\/li>\n<li>Explotaciones mineras a cielo abierto: minas, canteras, graveras<\/li>\n<li>Explotaciones cineg\u00e9ticas y pisc\u00edcolas<\/li>\n<li>Otros<\/li>\n<\/ul>\n<p><b>2. Ordenaci\u00f3n del Medio Ambiente<\/b><\/p>\n<ul>\n<li>Ordenaci\u00f3n de montes arbolados<\/li>\n<li>Gesti\u00f3n de espacios naturales<\/li>\n<li>Ordenaci\u00f3n pisc\u00edcola y cineg\u00e9tica<\/li>\n<li>Estudios de impacto ambiental<\/li>\n<li>Estudios de flora y fauna<\/li>\n<li>Estudios de ecolog\u00eda fluvial y calidad de las aguas<\/li>\n<li>Certificaci\u00f3n Forestal<\/li>\n<li>Proyectos de compensaci\u00f3n de CO2<\/li>\n<li>Otros<\/li>\n<\/ul>\n<p><b>3. Construcciones<\/b><\/p>\n<ul>\n<li>Instalaciones rurales<\/li>\n<li>Instalaciones de industrias o explotaciones forestales: viveros forestales y ornamentales, granjas cineg\u00e9ticas y ganaderas, piscifactor\u00edas, aserraderos\u2026<\/li>\n<li>Construcci\u00f3n de diques, presas y balsas<\/li>\n<li>Escalas para peces<\/li>\n<li>Infraestructuras de defensa<\/li>\n<li>Muros de contenci\u00f3n y cierres<\/li>\n<li>Movimientos de tierra<\/li>\n<li>Caminos y v\u00edas forestales<\/li>\n<li>Otros<\/li>\n<\/ul>\n<p><b>4. Defensa del Medio<\/b><\/p>\n<\/p>\n<ul>\n<li>Estudios y tratamientos fitosanitarios<\/li>\n<li>Tratamientos silv\u00edcolas<\/li>\n<li>Correcci\u00f3n de impactos ambientales<\/li>\n<li>Restauraci\u00f3n de explotaci\u00f3ns mineiras<\/li>\n<li>Defensa contra incendios forestales<\/li>\n<li>Energ\u00edas renovables<\/li>\n<li>Gesti\u00f3n de residuos<\/li>\n<li>Otros<\/li>\n<\/ul>\n<p><b>5. Industrias Forestales<\/b><\/p>\n<\/p>\n<ul>\n<li><span style=\"color: var(--awb-text-color); font-family: var(--awb-text-font-family); font-size: var(--awb-font-size); font-style: var(--awb-text-font-style); font-weight: var(--awb-text-font-weight); letter-spacing: var(--awb-letter-spacing); text-align: var(--awb-content-alignment); text-transform: var(--awb-text-transform); background-color: var(--awb-bg-color-hover);\">Industrias de primera transformaci\u00f3n: aserraderos, chapa, tablero, pasta celul\u00f3sica, trituraci\u00f3n, astillas\u2026<\/span><\/li>\n<li>Industrias de segunda transformaci\u00f3n: muebles, carpinter\u00eda, embalajes, papel, cart\u00f3n\u2026<\/li>\n<li>Transformaci\u00f3n de corteza<\/li>\n<li>Transformaci\u00f3n de resina<\/li>\n<li>Plantas arom\u00e1ticas, setas y frutos forestales<\/li>\n<li>Industria xilo energ\u00e9tica: residuos de madera, le\u00f1as, astillas\u2026<\/li>\n<li>Parques de maquinaria forestal<\/li>\n<li>Desarrollo industrial<\/li>\n<li>Otros<\/li>\n<\/ul>\n<p><b>6. Topograf\u00eda e Gesti\u00f3n Catastral<\/b><\/p>\n<\/p>\n<ul>\n<li>Levantamentos topogr\u00e1ficos<\/li>\n<li>Expropiaciones<\/li>\n<li>Deslindes<\/li>\n<li>Segregaci\u00f3n y particiones<\/li>\n<li>Permutas<\/li>\n<li>Otros<\/li>\n<\/ul>\n<p><b>7. Gesti\u00f3n Hidr\u00e1ulica<\/b><\/p>\n<\/p>\n<ul>\n<li>Restauraci\u00f3n hidrol\u00f3gico-forestal<\/li>\n<li>Correcci\u00f3n de lechos, torrentes e riberas<\/li>\n<li>Afloramientos y prospecciones de agua<\/li>\n<li>Captaciones y abastecimientos de agua<\/li>\n<li>Conduciones de auga<\/li>\n<li>Saneamientos y drenajes<\/li>\n<li>Otros<\/li>\n<\/ul>\n<p><b>8. Nuevas Tecnolog\u00edas<\/b><\/p>\n<\/p>\n<ul>\n<li>Aplicaciones de los sistemas de informaci\u00f3n geogr\u00e1fica a la cartograf\u00eda tem\u00e1tica<\/li>\n<li>Aplicaciones de teledetecci\u00f3n y fotogrametr\u00eda<\/li>\n<li>Simulaci\u00f3n de variables naturales aplicadas a la evaluaci\u00f3n de riesgos<\/li>\n<li>Bioeconom\u00eda<\/li>\n<li>Otros<\/li>\n<\/ul>\n<p><b>9. Uso Social y Recreativo<\/b><\/p>\n<\/p>\n<ul>\n<li>Parques urbanos y periurbanos<\/li>\n<li>\u00c1reas de uso recreativo<\/li>\n<li>Educaci\u00f3n ambiental<\/li>\n<li>Aulas de la naturaleza<\/li>\n<li>Turismo rural<\/li>\n<li>Otros<\/li>\n<\/ul>\n<\/div><\/div><\/div><\/div><\/div>","protected":false},"excerpt":{"rendered":"","protected":false},"author":1,"featured_media":0,"parent":0,"menu_order":0,"comment_status":"closed","ping_status":"closed","template":"100-width.php","meta":{"footnotes":""},"class_list":["post-5274","page","type-page","status-publish","hentry"],"_links":{"self":[{"href":"https:\/\/forestaisgalicia.es\/es\/wp-json\/wp\/v2\/pages\/5274","targetHints":{"allow":["GET"]}}],"collection":[{"href":"https:\/\/forestaisgalicia.es\/es\/wp-json\/wp\/v2\/pages"}],"about":[{"href":"https:\/\/forestaisgalicia.es\/es\/wp-json\/wp\/v2\/types\/page"}],"author":[{"embeddable":true,"href":"https:\/\/forestaisgalicia.es\/es\/wp-json\/wp\/v2\/users\/1"}],"replies":[{"embeddable":true,"href":"https:\/\/forestaisgalicia.es\/es\/wp-json\/wp\/v2\/comments?post=5274"}],"version-history":[{"count":17,"href":"https:\/\/forestaisgalicia.es\/es\/wp-json\/wp\/v2\/pages\/5274\/revisions"}],"predecessor-version":[{"id":6118,"href":"https:\/\/forestaisgalicia.es\/es\/wp-json\/wp\/v2\/pages\/5274\/revisions\/6118"}],"wp:attachment":[{"href":"https:\/\/forestaisgalicia.es\/es\/wp-json\/wp\/v2\/media?parent=5274"}],"curies":[{"name":"wp","href":"https:\/\/api.w.org\/{rel}","templated":true}]}}