{"id":5276,"date":"2024-11-07T09:20:33","date_gmt":"2024-11-07T09:20:33","guid":{"rendered":"https:\/\/myblog-6yd180wpx0.live-website.com\/?page_id=5276"},"modified":"2025-02-11T18:45:09","modified_gmt":"2025-02-11T18:45:09","slug":"historia","status":"publish","type":"page","link":"https:\/\/forestaisgalicia.es\/es\/historia\/","title":{"rendered":"Historia"},"content":{"rendered":"<div class=\"fusion-fullwidth fullwidth-box fusion-builder-row-1 fusion-flex-container has-pattern-background has-mask-background nonhundred-percent-fullwidth non-hundred-percent-height-scrolling\" style=\"--awb-border-radius-top-left:0px;--awb-border-radius-top-right:0px;--awb-border-radius-bottom-right:0px;--awb-border-radius-bottom-left:0px;--awb-flex-wrap:wrap;\" ><div class=\"fusion-builder-row fusion-row fusion-flex-align-items-flex-start fusion-flex-content-wrap\" style=\"max-width:1144px;margin-left: calc(-4% \/ 2 );margin-right: calc(-4% \/ 2 );\"><div class=\"fusion-layout-column fusion_builder_column fusion-builder-column-0 fusion_builder_column_1_1 1_1 fusion-flex-column\" style=\"--awb-bg-size:cover;--awb-width-large:100%;--awb-margin-top-large:0px;--awb-spacing-right-large:1.92%;--awb-margin-bottom-large:0px;--awb-spacing-left-large:1.92%;--awb-width-medium:100%;--awb-order-medium:0;--awb-spacing-right-medium:1.92%;--awb-spacing-left-medium:1.92%;--awb-width-small:100%;--awb-order-small:0;--awb-spacing-right-small:1.92%;--awb-spacing-left-small:1.92%;\"><div class=\"fusion-column-wrapper fusion-column-has-shadow fusion-flex-justify-content-flex-start fusion-content-layout-column\"><div class=\"fusion-text fusion-text-1\"><p>En la actualidad la titulaci\u00f3n universitaria de Ingenier\u00eda T\u00e9cnica Forestal dej\u00f3 de impartirse pasando a implantarse los \u201cT\u00edtulos de Grado en Ingenier\u00eda Forestal\u201d. Esta reforma vino determinada por el \"<a href=\"https:\/\/www.boe.es\/buscar\/doc.php?lang=gl&amp;id=BOE-A-2010-10542\" target=\"_blank\" rel=\"noopener noreferrer\">Real Decreto 861\/2010, de 2 de Julio, por el que se establece la ordenaci\u00f3n de las ense\u00f1anzas universitarias oficiales<\/a>\u201d. <\/p>\n<p><span style=\"color: var(--awb-text-color); font-family: var(--awb-text-font-family); font-size: var(--awb-font-size); font-style: var(--awb-text-font-style); font-weight: var(--awb-text-font-weight); letter-spacing: var(--awb-letter-spacing); text-align: var(--awb-content-alignment); text-transform: var(--awb-text-transform); background-color: var(--awb-bg-color-hover);\">Dicha norma reglamentaria dot\u00f3 al sistema universitario espa\u00f1ol en su proceso de convergencia con el Espacio Europeo de Educaci\u00f3n Superior, cumpliendo as\u00ed los compromisos adquiridos por el Gobierno al suscribir a Declaraci\u00f3n de Bolonia y en particular, con el mandato de llevar a cabo la adaptaci\u00f3n de todas las ense\u00f1anzas a la nueva estructura en el a\u00f1o 2010. As\u00ed, el primer gran reto que tuvo que afrontar la universidad espa\u00f1ola fue el de la completa transformaci\u00f3n de la oferta de ense\u00f1anzas para adaptarla a las exigencias de la nueva ordenaci\u00f3n. Esta transformaci\u00f3n se realiz\u00f3 de manera generalizada en la implantaci\u00f3n de los nuevos t\u00edtulos de Grado. La denominaci\u00f3n concreta del nuevo t\u00edtulo de Grado es competencia de cada universidad.<\/span><\/p>\n<p>La titulaci\u00f3n que conocemos como Ingenier\u00eda T\u00e9cnica Forestal experiment\u00f3 distintos cambios a lo largo de la historia: En 1862 se crea dentro del Ministerio de Fomento y dependiente de la Direcci\u00f3n General de Obras P\u00fablicas, Agricultura, Industria y Comercio la figura de Ayudante de Montes. El \u00fanico requisito para ser nombrado Ayudante de Montes era estar en posesi\u00f3n del T\u00edtulo de Perito Agr\u00edcola o Agrimensor, sin cambiar los estudios necesarios que apenas contaban con formaci\u00f3n espec\u00edfica, hasta 1903.<\/p>\n<p>Este a\u00f1o se decide la creaci\u00f3n del Cuerpo Auxiliar de Facultativos de Montes, y el procedimiento de selecci\u00f3n para ingresar en el mismo. Es, dos a\u00f1os m\u00e1s tarde, en el 1905, cuando se dicta el Reglamento del cuerpo y se realiza la primera oposici\u00f3n, exigiendo a los opositores tener cursadas una serie de materias m\u00e1s acordes con la profesi\u00f3n como Topograf\u00eda, Historia Natural, Silvicultura, Ordenaci\u00f3n y Valoraci\u00f3n de Montes. Se puede decir que a partir de esta fecha surge la profesi\u00f3n con categor\u00eda t\u00e9cnica, embri\u00f3n de la actual Ingenier\u00eda T\u00e9cnica Forestal.<\/p>\n<p>En el a\u00f1o 1957, con la aprobaci\u00f3n de la Ley de Ordenaci\u00f3n de Ense\u00f1anzas T\u00e9cnicas, se crea el T\u00edtulo Universitario de Perito de Montes y la Escuela de Peritos de Montes. Esta escuela va a funcionar, por primera vez en Espa\u00f1a, en las instalaciones de la Escuela T\u00e9cnica Superior de Ingenieros de Montes de Madrid, ata que en 1960 se inaugura la Escuela T\u00e9cnica de Peritos de Montes en la Ciudad Universitaria de Madrid.<\/p>\n<p>Tras la Ley de Reordenaci\u00f3n de las Ense\u00f1anzas T\u00e9cnicas de Grado Medio en 1964, aparece la denominaci\u00f3n de Ingeniero T\u00e9cnico Forestal, pasando tambi\u00e9n la Escuela T\u00e9cnica de Peritos de Montes a llamarse Escuela Universitaria de Ingenier\u00eda T\u00e9cnica Forestal.<\/p>\n<p>En 1990 comienza a impartirse en Lugo la titulaci\u00f3n de Ingeniero T\u00e9cnico Forestal con especialidad en Explotaciones Forestales dentro de la Universidad de Santiago de Compostela, impartiendo en la actualidad el t\u00edtulo de <a href=\"https:\/\/www.usc.gal\/gl\/estudos\/graos\/enxenaria-arquitectura\/grao-enxenaria-forestal-natural\" target=\"_blank\" rel=\"noopener noreferrer\">Grado en Ingenier\u00eda Forestal y del Medio Natural<\/a><\/p>\n<p><span style=\"color: var(--awb-text-color); font-family: var(--awb-text-font-family); font-size: var(--awb-font-size); font-style: var(--awb-text-font-style); font-weight: var(--awb-text-font-weight); letter-spacing: var(--awb-letter-spacing); text-align: var(--awb-content-alignment); text-transform: var(--awb-text-transform); background-color: var(--awb-bg-color-hover);\">En 1992 comienza a impartirse en Pontevedra la titulaci\u00f3n de Ingeniero T\u00e9cnico Forestal con especialidad en Industrias Forestales dentro de la Universidad de Vigo, impartiendo en la actualidad el t\u00edtulo de <\/span><a href=\"https:\/\/forestales.uvigo.es\/gl\/estudos\/grao-en-enxenaria-forestal\/\" target=\"_blank\" rel=\"noopener noreferrer\" style=\"font-family: var(--awb-text-font-family); font-size: var(--awb-font-size); font-style: var(--awb-text-font-style); font-weight: var(--awb-text-font-weight); letter-spacing: var(--awb-letter-spacing); text-align: var(--awb-content-alignment); text-transform: var(--awb-text-transform); background-color: var(--awb-bg-color-hover);\">Grao en Enxe\u00f1ar\u00eda Forestal<\/a><\/p>\n<\/div><\/div><\/div><\/div><\/div>","protected":false},"excerpt":{"rendered":"","protected":false},"author":1,"featured_media":0,"parent":0,"menu_order":0,"comment_status":"closed","ping_status":"closed","template":"100-width.php","meta":{"footnotes":""},"class_list":["post-5276","page","type-page","status-publish","hentry"],"_links":{"self":[{"href":"https:\/\/forestaisgalicia.es\/es\/wp-json\/wp\/v2\/pages\/5276","targetHints":{"allow":["GET"]}}],"collection":[{"href":"https:\/\/forestaisgalicia.es\/es\/wp-json\/wp\/v2\/pages"}],"about":[{"href":"https:\/\/forestaisgalicia.es\/es\/wp-json\/wp\/v2\/types\/page"}],"author":[{"embeddable":true,"href":"https:\/\/forestaisgalicia.es\/es\/wp-json\/wp\/v2\/users\/1"}],"replies":[{"embeddable":true,"href":"https:\/\/forestaisgalicia.es\/es\/wp-json\/wp\/v2\/comments?post=5276"}],"version-history":[{"count":5,"href":"https:\/\/forestaisgalicia.es\/es\/wp-json\/wp\/v2\/pages\/5276\/revisions"}],"predecessor-version":[{"id":6110,"href":"https:\/\/forestaisgalicia.es\/es\/wp-json\/wp\/v2\/pages\/5276\/revisions\/6110"}],"wp:attachment":[{"href":"https:\/\/forestaisgalicia.es\/es\/wp-json\/wp\/v2\/media?parent=5276"}],"curies":[{"name":"wp","href":"https:\/\/api.w.org\/{rel}","templated":true}]}}