{"id":5291,"date":"2024-11-07T09:23:00","date_gmt":"2024-11-07T09:23:00","guid":{"rendered":"https:\/\/myblog-6yd180wpx0.live-website.com\/?page_id=5291"},"modified":"2025-03-08T11:21:17","modified_gmt":"2025-03-08T11:21:17","slug":"e-visado","status":"publish","type":"page","link":"https:\/\/forestaisgalicia.es\/es\/e-visado\/","title":{"rendered":"e-visado"},"content":{"rendered":"<div class=\"fusion-fullwidth fullwidth-box fusion-builder-row-1 fusion-flex-container has-pattern-background has-mask-background nonhundred-percent-fullwidth non-hundred-percent-height-scrolling\" style=\"--awb-border-radius-top-left:0px;--awb-border-radius-top-right:0px;--awb-border-radius-bottom-right:0px;--awb-border-radius-bottom-left:0px;--awb-padding-right:0px;--awb-padding-left:0px;--awb-flex-wrap:wrap;\" ><div class=\"fusion-builder-row fusion-row fusion-flex-align-items-flex-start fusion-flex-content-wrap\" style=\"max-width:1144px;margin-left: calc(-4% \/ 2 );margin-right: calc(-4% \/ 2 );\"><div class=\"fusion-layout-column fusion_builder_column fusion-builder-column-0 fusion_builder_column_1_1 1_1 fusion-flex-column\" style=\"--awb-bg-size:cover;--awb-width-large:100%;--awb-margin-top-large:0px;--awb-spacing-right-large:1.92%;--awb-margin-bottom-large:0px;--awb-spacing-left-large:1.92%;--awb-width-medium:100%;--awb-order-medium:0;--awb-spacing-right-medium:1.92%;--awb-spacing-left-medium:1.92%;--awb-width-small:100%;--awb-order-small:0;--awb-spacing-right-small:1.92%;--awb-spacing-left-small:1.92%;\"><div class=\"fusion-column-wrapper fusion-column-has-shadow fusion-flex-justify-content-flex-start fusion-content-layout-column\"><div class=\"fusion-text fusion-text-1\"><p>El COETFG pone a disposici\u00f3n de las y los profesionales relacionados con la actividad de la Ingenier\u00eda Forestal el servicio de e-visado, para tods los trabajos profesionales que vayan a surtir efectos en el Estado Espa\u00f1ol.<\/p>\n<p><b><a href=\"https:\/\/forestaisgalicia.e-gestion.es\/Account\/Entrar.aspx?ReturnUrl=%2f\" target=\"_blank\" rel=\"noopener noreferrer\">Acceso e-visado<\/a><\/b><\/p>\n<p>A trav\u00e9s de este servicio podr\u00e1n realizarse los siguientes tr\u00e1mites:<\/p>\n<ul>\n<li>VISADO COLEGIAL<\/li>\n<li>REGISTRO DOCUMENTAL<\/li>\n<\/ul>\n<p>Para utilizar este servicio, los profesionales deber\u00e1n dirigirse al COETFG y solicitar el Alta:<\/p>\n<ul>\n<li>En el caso de profesionales colegiados en el COETFG ya constan dados de alta, por lo que pueden acceder al servicio a trav\u00e9s de la sede electr\u00f3nica utilizando la firma digital o bien las contrase\u00f1as facilitadas.<\/li>\n<li>En el caso de profesionales colegiados en otro Colegio Profesional, estos deben remitir al COETFG la siguiente documentaci\u00f3n:<a href=\"https:\/\/forestaisgalicia.e-gestion.es\/Ventanilla\/EditRegistroVUPublica.aspx\"><br \/>\n<\/a><\/li>\n<ol>\n<li>Certificado de Colegiaci\u00f3n, actualizado y con validez legal<\/li>\n<li><a href=\"http:\/\/forestaisgalicia.es\/wp-content\/uploads\/2025\/03\/2025_COETFG_eVisado_FichaDatosColexExternos_dixital.pdf\" target=\"_blank\" rel=\"noopener noreferrer\">Impreso de Ficha de Datos debidamente cumplimentado y firmado<\/a><\/li>\n<\/ol>\n<\/ul>\n<p><span style=\"color: var(--awb-text-color); font-family: var(--awb-text-font-family); font-size: var(--awb-font-size); font-style: var(--awb-text-font-style); font-weight: var(--awb-text-font-weight); letter-spacing: var(--awb-letter-spacing); text-align: var(--awb-content-alignment); text-transform: var(--awb-text-transform); background-color: var(--awb-bg-color);\">Pueden realizar el tr\u00e1mite a trav\u00e9s del siguiente enlace:<\/span><b>  <a href=\"https:\/\/forestaisgalicia.e-gestion.es\/Ventanilla\/EditRegistroVUPublica.aspx\">Env\u00edo de documentaci\u00f3n<\/a><\/b><\/p>\n<\/p>\n<p>Por otro lado se dispone el Servicio de VALIDACI\u00d3N DE C\u00d3DIGOS, dirigido a cualquier usuario que necesite contrastar o comprobar los datos correspondientes a un Visado o Registro Documental, tramitado en este Colegio Profesional.<\/p>\n<p><b><a href=\"https:\/\/forestaisgalicia.e-gestion.es\/Ventanilla\/ValidarCSV.aspx\" target=\"_blank\" rel=\"noopener noreferrer\">Acceso Validaci\u00f3n de c\u00f3digos<\/a><\/b><\/p>\n<\/div><\/div><\/div><\/div><\/div>","protected":false},"excerpt":{"rendered":"","protected":false},"author":1,"featured_media":0,"parent":0,"menu_order":0,"comment_status":"closed","ping_status":"closed","template":"100-width.php","meta":{"footnotes":""},"class_list":["post-5291","page","type-page","status-publish","hentry"],"_links":{"self":[{"href":"https:\/\/forestaisgalicia.es\/es\/wp-json\/wp\/v2\/pages\/5291","targetHints":{"allow":["GET"]}}],"collection":[{"href":"https:\/\/forestaisgalicia.es\/es\/wp-json\/wp\/v2\/pages"}],"about":[{"href":"https:\/\/forestaisgalicia.es\/es\/wp-json\/wp\/v2\/types\/page"}],"author":[{"embeddable":true,"href":"https:\/\/forestaisgalicia.es\/es\/wp-json\/wp\/v2\/users\/1"}],"replies":[{"embeddable":true,"href":"https:\/\/forestaisgalicia.es\/es\/wp-json\/wp\/v2\/comments?post=5291"}],"version-history":[{"count":7,"href":"https:\/\/forestaisgalicia.es\/es\/wp-json\/wp\/v2\/pages\/5291\/revisions"}],"predecessor-version":[{"id":6318,"href":"https:\/\/forestaisgalicia.es\/es\/wp-json\/wp\/v2\/pages\/5291\/revisions\/6318"}],"wp:attachment":[{"href":"https:\/\/forestaisgalicia.es\/es\/wp-json\/wp\/v2\/media?parent=5291"}],"curies":[{"name":"wp","href":"https:\/\/api.w.org\/{rel}","templated":true}]}}