{"id":6165,"date":"2025-02-12T14:52:08","date_gmt":"2025-02-12T14:52:08","guid":{"rendered":"https:\/\/myblog-6yd180wpx0.live-website.com\/?page_id=6165"},"modified":"2025-03-08T13:45:31","modified_gmt":"2025-03-08T13:45:31","slug":"precolexiacion","status":"publish","type":"page","link":"https:\/\/forestaisgalicia.es\/es\/precolexiacion\/","title":{"rendered":"PRECOLEGIACI\u00d3N"},"content":{"rendered":"<div class=\"fusion-fullwidth fullwidth-box fusion-builder-row-1 fusion-flex-container has-pattern-background has-mask-background nonhundred-percent-fullwidth non-hundred-percent-height-scrolling\" style=\"--awb-border-radius-top-left:0px;--awb-border-radius-top-right:0px;--awb-border-radius-bottom-right:0px;--awb-border-radius-bottom-left:0px;--awb-flex-wrap:wrap;\" ><div class=\"fusion-builder-row fusion-row fusion-flex-align-items-flex-start fusion-flex-content-wrap\" style=\"max-width:1144px;margin-left: calc(-4% \/ 2 );margin-right: calc(-4% \/ 2 );\"><div class=\"fusion-layout-column fusion_builder_column fusion-builder-column-0 fusion_builder_column_1_1 1_1 fusion-flex-column\" style=\"--awb-bg-size:cover;--awb-width-large:100%;--awb-margin-top-large:0px;--awb-spacing-right-large:1.92%;--awb-margin-bottom-large:0px;--awb-spacing-left-large:1.92%;--awb-width-medium:100%;--awb-order-medium:0;--awb-spacing-right-medium:1.92%;--awb-spacing-left-medium:1.92%;--awb-width-small:100%;--awb-order-small:0;--awb-spacing-right-small:1.92%;--awb-spacing-left-small:1.92%;\"><div class=\"fusion-column-wrapper fusion-column-has-shadow fusion-flex-justify-content-flex-start fusion-content-layout-column\"><div class=\"fusion-text fusion-text-1\"><p>El COETFG pone este servicio a disposici\u00f3n del alumnado de las titulaciones que habiliten para el ejercicio de la profesi\u00f3n de Ingenier\u00eda T\u00e9cnica Forestal, es decir los Grados en materia Forestal, as\u00ed como de las y los estudiantes de los masters que las personas graduadas en Ingenier\u00eda Forestal puedan estar cursando con posterioridad.<\/p>\n<p>El Servicio de Precolegiaci\u00f3n, se crea con el principal objeto de facilitar la introducci\u00f3n y acercamiento al colectivo profesional al que deber\u00e1 integrarse a la hora de ejercer la profesi\u00f3n, as\u00ed como en todos los asuntos relacionados con el desarrollo de la profesi\u00f3n.<\/p>\n<h5 data-fusion-font=\"true\" style=\"line-height: 0.52; --fontSize: 28.8; --minFontSize: 28.8;\" data-fontsize=\"28.8\" data-lineheight=\"14.976px\" class=\"fusion-responsive-typography-calculated\">REQUISITOS<\/h5>\n<p><span style=\"color: var(--awb-text-color); font-family: var(--awb-text-font-family); font-size: var(--awb-font-size); font-style: var(--awb-text-font-style); font-weight: var(--awb-text-font-weight); letter-spacing: var(--awb-letter-spacing); text-align: var(--awb-content-alignment); text-transform: var(--awb-text-transform); background-color: var(--awb-bg-color-hover); line-height: 15px;\" data-fusion-font=\"true\">Podr\u00e1n inscribirse en el Servicio de Precolegiaci\u00f3n las siguientes personas:<\/span><\/p>\n<ol>\n<li>Alumnado de los Grados en materia Forestal.<\/li>\n<li>Personas con t\u00edtulo habilitante para el ejercicio de la profesi\u00f3n de Ingenier\u00eda T\u00e9cnica Forestal, que no ejerzan la profesi\u00f3n en ninguno de sus \u00e1mbitos, y que sea Alumnado de alg\u00fan Master relacionado con campos comunes de la Ingenier\u00eda Forestal (Medio Ambiente, Montes, Incendios, Ordenaci\u00f3n del Territorio, ....).<\/li>\n<\/ol>\n<p>Para tramitar el alta en el Servicio de Precolegiaci\u00f3n es necesario remitir a el Colegio la siguiente documentaci\u00f3n:<\/p>\n<ul>\n<li>Impreso de solicitude de alta no <a href=\"http:\/\/forestaisgalicia.es\/wp-content\/uploads\/2025\/02\/2025_SOLICITUDE_ALTA_PRECOLEXIACION_dig.pdf\" target=\"_blank\" rel=\"noopener noreferrer\">SERVICIO DE PRECOLEXIACI\u00d3N<\/a>.<\/li>\n<li>Fotocopia del DNI<\/li>\n<li>Fotograf\u00eda tama\u00f1o carn\u00e9<\/li>\n<li>Justificante de la matr\u00edcula universitaria del curso acad\u00e9mico correspondiente.<\/li>\n<li>En el caso de alumnado de M\u00e1ster debe presentarse adem\u00e1s copia del t\u00edtulo universitario del grado que posea.<\/li>\n<li>Justificante bancario del ingreso de la cuota anual de PRECOLEGIACI\u00d3N (20,00 \u20ac\/a\u00f1o) en la siguiente cuenta bancaria del Colegio:<br \/>BANCO SABADELL: ES05-0081-5363-28-00.0115.6719<\/li>\n<\/ul>\n<h5 data-fusion-font=\"true\" style=\"line-height: 0.52; --fontSize: 28.8; --minFontSize: 28.8;\" data-fontsize=\"28.8\" data-lineheight=\"14.976px\" class=\"fusion-responsive-typography-calculated\">DERECHOS<\/h5>\n<ul>\n<li>INFORMACI\u00d3N: Recepci\u00f3n de las circulares y comunicaciones del COETFG.<\/li>\n<li>EMPLEO: Inscripci\u00f3n en la Base de Empleo del COETFG y recepci\u00f3n de Ofertas de Empleo que permitan el acceso a personas estudiantes o becadas.<\/li>\n<li>FORMACI\u00d3N: Asistencia a actividades formativas e informativas, en las mismas condiciones que las personas colegiadas.<\/li>\n<li>ASESORAMIENTO JUR\u00cdDICO: Asistencia jur\u00eddica en materias relacionadas con el \u00e1mbito profesional de la Ingenier\u00eda Forestal.<\/li>\n<li>BENEFICIOS SOCIALES: Descuentos y ofertas que se obtengan para el colectivo, cuando no impliquen el desarrollo del ejercicio profesional.<\/li>\n<li>OTROS que puedan ser considerados por la Junta de Gobierno espec\u00edficamente, como por ejemplo la participaci\u00f3n en Grupos o Comisiones de Trabajo, la colaboraci\u00f3n en proyectos y\/o acciones concretas dirigidas al alumnado universitario, .......<\/li>\n<li>Si la o el interesado solicita el Alta Colegial una vez finalizados sus estudios, y con antelaci\u00f3n al final del per\u00edodo de precolegiaci\u00f3n abonado, se le aplicar\u00e1 la exenci\u00f3n del pago de la Tasa de Alta Colegial.<\/li>\n<\/ul>\n<h5 data-fusion-font=\"true\" style=\"line-height: 0.52; --fontSize: 28.8; --minFontSize: 28.8;\" data-fontsize=\"28.8\" data-lineheight=\"14.976px\" class=\"fusion-responsive-typography-calculated\">SOLICITUD DE ALTA<\/h5>\n<p><span data-fusion-font=\"true\" style=\"line-height: 15px;\">La solicitud de alta en el Servicio de Precolegiaci\u00f3n requiere la presentaci\u00f3n de la documentaci\u00f3n indicada, a trav\u00e9s de alguna de las<\/span> siguientes v\u00edas:<\/p>\n<ul>\n<li>En formato papel: presentando la documentaci\u00f3n original en las oficinas del COETFG<\/li>\n<li>En formato digital: presentando la documentaci\u00f3n firmada digitalmente a trav\u00e9s de la <a href=\"https:\/\/forestaisgalicia.e-gestion.es\/Ventanilla\/SolicitudAlta\/SolicitudAltaInicio.aspx\" target=\"_blank\" rel=\"noopener noreferrer\">sede electr\u00f3nica del COETFG<\/a><\/li>\n<li>En formato digital: enviando la documentaci\u00f3n firmada digitalmente al correo electr\u00f3nico coetfoga@forestaisgalicia.es<\/li>\n<\/ul>\n<p>Para m\u00e1is Informaci\u00f3n consultar o: <a href=\"http:\/\/forestaisgalicia.es\/wp-content\/uploads\/2025\/02\/2025_COETFG_RegulPrecolexiacion.pdf\" target=\"_blank\" rel=\"noopener noreferrer\">REGULAMENTO INTERNO DO SERVICIO DE PRECOLEXIACI\u00d3N DO COETFG<\/a><\/p>\n<\/div><\/div><\/div><\/div><\/div>","protected":false},"excerpt":{"rendered":"","protected":false},"author":1,"featured_media":0,"parent":0,"menu_order":0,"comment_status":"closed","ping_status":"closed","template":"","meta":{"footnotes":""},"class_list":["post-6165","page","type-page","status-publish","hentry"],"_links":{"self":[{"href":"https:\/\/forestaisgalicia.es\/es\/wp-json\/wp\/v2\/pages\/6165","targetHints":{"allow":["GET"]}}],"collection":[{"href":"https:\/\/forestaisgalicia.es\/es\/wp-json\/wp\/v2\/pages"}],"about":[{"href":"https:\/\/forestaisgalicia.es\/es\/wp-json\/wp\/v2\/types\/page"}],"author":[{"embeddable":true,"href":"https:\/\/forestaisgalicia.es\/es\/wp-json\/wp\/v2\/users\/1"}],"replies":[{"embeddable":true,"href":"https:\/\/forestaisgalicia.es\/es\/wp-json\/wp\/v2\/comments?post=6165"}],"version-history":[{"count":5,"href":"https:\/\/forestaisgalicia.es\/es\/wp-json\/wp\/v2\/pages\/6165\/revisions"}],"predecessor-version":[{"id":6338,"href":"https:\/\/forestaisgalicia.es\/es\/wp-json\/wp\/v2\/pages\/6165\/revisions\/6338"}],"wp:attachment":[{"href":"https:\/\/forestaisgalicia.es\/es\/wp-json\/wp\/v2\/media?parent=6165"}],"curies":[{"name":"wp","href":"https:\/\/api.w.org\/{rel}","templated":true}]}}